{"id":21003,"date":"2023-06-05T10:32:52","date_gmt":"2023-06-05T08:32:52","guid":{"rendered":"https:\/\/www.dvc.video\/proizvod\/Bez%20kategorije\/dcn-pm225x0\/"},"modified":"2026-04-25T05:07:53","modified_gmt":"2026-04-25T03:07:53","slug":"dcn-pm225x0","status":"publish","type":"product","link":"https:\/\/www.dvc.video\/hr\/proizvod\/videonadzor\/ptz-kamere\/dcn-pm225x0\/","title":{"rendered":"DCN-PM225X0"},"content":{"rendered":"<p><a href=\"https:\/\/b2b.alarmautomatika.com\/documentation\/Video_nadzor\/7_IP_video_nadzor\/Korisni\u010dke_upute_i_softwari_za_panteon\/DVC data sheets\/DCN-PM225X0.pdf?utm_source=dvc&amp;utm_medium=web&amp;utm_campaign=datasheet&amp;utm_term=DCN-PM225X0\" target=\"_blank\" class=\"button-datasheet\" rel=\"noopener\">Datasheet<\/a><\/p>\n","protected":false},"excerpt":{"rendered":"<p>4&#8243; PTZ IP video kamera, rezolucija 2Mpx@25fps, 25x opti\u010dki zoom, objektiv 4.8-120 mm, 360 preseta, Pan brzina 0,1\u00b0 &#8211; 80\u00b0\/sek., SD kartica, 6 array IR LED dometa do 150m, napajanje PoE\/12V DC u kompletu, Onvif, IP66 za\u0161tita, AI videoanalitika, Auto Tracking, zidni nosa\u010d u kompletu, zidni nosa\u010d u kompletu.<\/p>\n","protected":false},"featured_media":20993,"template":"","meta":{"_et_pb_use_builder":"","_et_pb_old_content":"","_et_gb_content_width":""},"product_brand":[],"product_cat":[152,106],"product_tag":[],"class_list":{"0":"post-21003","1":"product","2":"type-product","3":"status-publish","4":"has-post-thumbnail","6":"product_cat-ptz-kamere","7":"product_cat-videonadzor","9":"first","10":"instock","11":"shipping-taxable","12":"product-type-simple"},"_links":{"self":[{"href":"https:\/\/www.dvc.video\/hr\/wp-json\/wp\/v2\/product\/21003","targetHints":{"allow":["GET"]}}],"collection":[{"href":"https:\/\/www.dvc.video\/hr\/wp-json\/wp\/v2\/product"}],"about":[{"href":"https:\/\/www.dvc.video\/hr\/wp-json\/wp\/v2\/types\/product"}],"wp:featuredmedia":[{"embeddable":true,"href":"https:\/\/www.dvc.video\/hr\/wp-json\/wp\/v2\/media\/20993"}],"wp:attachment":[{"href":"https:\/\/www.dvc.video\/hr\/wp-json\/wp\/v2\/media?parent=21003"}],"wp:term":[{"taxonomy":"product_brand","embeddable":true,"href":"https:\/\/www.dvc.video\/hr\/wp-json\/wp\/v2\/product_brand?post=21003"},{"taxonomy":"product_cat","embeddable":true,"href":"https:\/\/www.dvc.video\/hr\/wp-json\/wp\/v2\/product_cat?post=21003"},{"taxonomy":"product_tag","embeddable":true,"href":"https:\/\/www.dvc.video\/hr\/wp-json\/wp\/v2\/product_tag?post=21003"}],"curies":[{"name":"wp","href":"https:\/\/api.w.org\/{rel}","templated":true}]}}