{"id":3,"date":"2021-03-04T14:02:51","date_gmt":"2021-03-04T13:02:51","guid":{"rendered":"https:\/\/www.dvc.video\/?page_id=3"},"modified":"2021-07-07T08:53:09","modified_gmt":"2021-07-07T06:53:09","slug":"pravila-privatnosti","status":"publish","type":"page","link":"https:\/\/www.dvc.video\/hr\/pravila-privatnosti\/","title":{"rendered":"Pravila privatnosti"},"content":{"rendered":"<p>[et_pb_section fb_built=&#8221;1&#8243; _builder_version=&#8221;4.9.2&#8243; _module_preset=&#8221;default&#8221; background_enable_color=&#8221;off&#8221; background_image=&#8221;https:\/\/www.dvc.video\/wp-content\/uploads\/2021\/03\/bcg-red-triangle.jpg&#8221; height=&#8221;150px&#8221; height_last_edited=&#8221;off|desktop&#8221; custom_padding=&#8221;0px||0px||true|false&#8221; global_module=&#8221;793&#8243;][et_pb_row _builder_version=&#8221;4.9.2&#8243; _module_preset=&#8221;default&#8221;][et_pb_column type=&#8221;4_4&#8243; _builder_version=&#8221;4.9.2&#8243; _module_preset=&#8221;default&#8221;][et_pb_text _builder_version=&#8221;4.9.7&#8243; _dynamic_attributes=&#8221;content&#8221; _module_preset=&#8221;default&#8221; header_text_color=&#8221;#FFFFFF&#8221; header_line_height=&#8221;1.3em&#8221; header_font_size_tablet=&#8221;&#8221; header_font_size_phone=&#8221;&#8221; header_font_size_last_edited=&#8221;on|desktop&#8221;]@ET-DC@eyJkeW5hbWljIjp0cnVlLCJjb250ZW50IjoicG9zdF90aXRsZSIsInNldHRpbmdzIjp7ImJlZm9yZSI6IjxoMT4iLCJhZnRlciI6IjwvaDE+In19@[\/et_pb_text][\/et_pb_column][\/et_pb_row][\/et_pb_section][et_pb_section fb_built=&#8221;1&#8243; _builder_version=&#8221;4.9.4&#8243; _module_preset=&#8221;default&#8221;][et_pb_row _builder_version=&#8221;4.9.4&#8243; _module_preset=&#8221;default&#8221;][et_pb_column type=&#8221;4_4&#8243; _builder_version=&#8221;4.9.4&#8243; _module_preset=&#8221;default&#8221;][et_pb_text _builder_version=&#8221;4.9.4&#8243; _module_preset=&#8221;default&#8221; header_2_font_size=&#8221;30px&#8221; header_2_line_height=&#8221;1.3em&#8221;]<\/p>\n<h2>Obveza na povjerljivost podataka<\/h2>\n<p>Tvrtki Alarm automatika d.o.o. je va\u017ena za\u0161tita sigurnosti i privatnosti osobnih podataka; stoga svoje poslovanje vodi u skladu s va\u017ee\u0107im zakonima o za\u0161titi i sigurnosti podataka.<\/p>\n<p>U nastavku navodimo koje podatke Alarm automatika d.o.o. mo\u017ee prikupljati, kako upotrebljava i \u010duva te podatke i kome ih mo\u017ee ustupati.<\/p>\n<h2>Osobni podaci<\/h2>\n<p>Alarm automatika d.o.o. ne\u0107e prikupljati nikakve osobne podatke putem svojih mre\u017enih stranica (npr. va\u0161e ime, adresu, telefonski broj ili elektroni\u010dku adresu), osim ako ih dobrovoljno date (npr. prijavom, anketom), ako date svoju suglasnost ili ako tako dopu\u0161taju va\u017ee\u0107i zakoni i propisi za za\u0161titu osobnih podataka.<\/p>\n<h2>Svrha<\/h2>\n<p>Ustupanjem svojih osobnih podataka suglasni ste da ih upotrebljavamo za odgovor na va\u0161 upit, obradu narud\u017ebe ili ustupanje pristupa posebnim informacijama ili ponudama. Nadalje, kako bismo uspostavili odnos s vama kao korisnikom:<\/p>\n<ul>\n<li>mo\u017eemo pohraniti i obra\u0111ivati osobne podatke za bolje razumijevanje va\u0161ih poslovnih potreba i pronala\u017eenje na\u010dina za unapre\u0111enje na\u0161ih proizvoda i usluga;<\/li>\n<li>mo\u017eemo upotrebljavati osobne podatke kako bismo vam se obratili u vezi s ponudom Alarm automatika d.o.o. radi pru\u017eanja podr\u0161ke va\u0161im poslovnim potrebama ili<\/li>\n<li>za provo\u0111enje online ankete koja bi nam pomogla u boljem razumijevanju potreba kupaca.<\/li>\n<\/ul>\n<p>Ako ne \u017eelite da se va\u0161i osobni podaci upotrebljavaju za podr\u0161ku odnosa s kupcima (osobito za izravni marketing ili istra\u017eivanje tr\u017ei\u0161ta), po\u0161tovat \u0107emo va\u0161 izbor. Va\u0161e osobne podatke ne prodajemo ni ne plasiramo na tr\u017ei\u0161te tre\u0107im osobama.<\/p>\n<h2>Ograni\u010denje svrhe<\/h2>\n<p>Alarm automatika d.o.o. \u0107e skupljati, upotrebljavati ili objavljivati osobne podatke koje date samo za potrebe s kojima ste vi upoznati, osim ako je ta objava:<\/p>\n<ul>\n<li>uporaba osobnih podataka u drugu svrhu koja je izravno vezana uz izvornu svrhu za koje su osobni podaci i prikupljani,<\/li>\n<li>potrebna za pripremu, pregovaranje i ispunjavanje ugovora s vama,<\/li>\n<li>obvezna prema zakonu ili ako tako zahtijevaju mjerodavna dr\u017eavna ili pravosudna tijela,<\/li>\n<li>potrebna za vo\u0111enje sudskog ili drugog postupka<\/li>\n<li>te je potrebna za spre\u010davanje prijevare ili drugih nelegalnih radnji na informacijsko-tehnolo\u0161ki sustav Alarm automatike d.o.o.<\/li>\n<\/ul>\n<h2>Podaci o komunikaciji ili podaci o uporabi<\/h2>\n<p>Uporabom telekomunikacijskih usluga za pristup mre\u017enim stranicama va\u0161i podaci o komunikaciji (npr. IP adresa) ili podaci o uporabi (npr. informacije o po\u010detku, kraju i opsegu svakog pristupa i informacije o telekomunikacijskim uslugama kojima ste pristupili) tehni\u010dki su generirani i mogli bi se potencijalno odnositi na osobne podatke. Ako postoji nu\u017ena potreba, va\u0161i podaci o komunikaciji ili uporabi skupljat \u0107e se, obra\u0111ivati i koristiti u skladu s va\u017ee\u0107im pravnim okvirom vezano uz za\u0161titu i sigurnost podataka.<\/p>\n<h2>Neosobni podaci koji se prikupljaju automatski<\/h2>\n<p>Kada pristupite na\u0161im mre\u017enim stranicama, mi automatski mo\u017eemo (tj. ne putem prijave) prikupiti neosobne podatke (npr. vrstu internetskog preglednika i operativnog sustava kojim se slu\u017eite, naziv domene mre\u017enih stranica s kojih pristupate, broj posjeta, prosje\u010dno vrijeme provedeno na stranicama, pregledane stranice). Te podatke mo\u017eemo upotrebljavati i razmjenjivati kako bismo pratili posje\u0107enost svojih mre\u017enih stranica i unaprijedili njihov rad ili sadr\u017eaj.<\/p>\n<h2>Cookies tzv. kola\u010di\u0107i \u2013 informacije koje se automatski pohranjuju na va\u0161e ra\u010dunalo<\/h2>\n<p>Kada pogledate neku na\u0161u mre\u017enu stranicu, mi mo\u017eemo pohraniti neke podatke na va\u0161e ra\u010dunalo u obliku kola\u010di\u0107a kako bismo automatski prepoznali va\u0161e ra\u010dunalo kod sljede\u0107eg posjeta. Kola\u010di\u0107i nam mogu pomo\u0107i na razne na\u010dine, primjerice da mre\u017ene stranice bolje prilagodimo va\u0161im interesima ili da pohranimo va\u0161u zaporku kako je ne biste trebali svaki put unositi. Ako ne \u017eelite primati kola\u010di\u0107e, u postavkama svojeg internetskog preglednika trebate namjestiti brisanje kola\u010di\u0107a s tvrdog diska ra\u010dunala, blokadu svih kola\u010di\u0107a ili primanje upozorenja prije pohranjivanja kola\u010di\u0107a.<\/p>\n<h2>Sigurnost<\/h2>\n<p>Za za\u0161titu osobnih podataka od slu\u010dajnog ili nezakonitog uni\u0161tenja, gubitka ili izmjena te od neovla\u0161tenog otkrivanja ili pristupa tvrtka Alarm automatika d.o.o. poduzima tehni\u010dke i organizacijske mjere sigurnosti.<\/p>\n<h2>Poveznice na druge mre\u017ene stranice<\/h2>\n<p>Alarm automatika d.o.o. mre\u017ene stranice sadr\u017ee poveznice na druge mre\u017ene stranice i nije odgovorna za praksu vezanu uz privatnost ili sadr\u017eaj drugih mre\u017enih stranica.<\/p>\n<h2>Pitanja i komentari<\/h2>\n<p>Alarm automatika d.o.o. \u0107e odgovoriti na razumne zahtjeve za pregled osobnih podataka i za ispravak, dopunu ili brisanje neto\u010dnih podataka. Redovito provjeravajte ovu stranicu kako biste imali sve a\u017eurne informacije.<\/p>\n<h2>Registracija korisnika<\/h2>\n<p>Registracijom, korisnik daje osobnu suglasnost za prikupljanje, kori\u0161tenje, obradu i preno\u0161enje svojih osobnih podataka.\u00a0Registrirati se mo\u017ee samo punoljetna osoba.<\/p>\n<h2>Suglasnost<\/h2>\n<p>Korisnik odabirom opcije \u201eSuglasan sam s pravilima kori\u0161tenja\u201c prilikom registracije daje osobnu suglasnost za prikupljanje, kori\u0161tenje, obradu i preno\u0161enje svojih osobnih podataka potrebnih za kori\u0161tenje web stranica, uklju\u010duju\u0107i (ali bez ograni\u010davanja na):<\/p>\n<ul>\n<li>suglasnost da Alarm automatika d.o.o. mo\u017ee sukladno odredbama propisa koje ure\u0111uju za\u0161titu osobnih podataka, obra\u0111ivati dane osobne podatke za potrebe vlastitih evidencija i statistike, za potrebe stvaranja baze podataka o kupcima, obavje\u0161tavanja o proizvodima i uslugama, za potrebe informiranja o isporuci, za potrebe dostave promotivnih materijala, unaprje\u0111enje odnosa sa Kupcima te unapre\u0111enja usluga. Alarm automatika d.o.o. navedene podatke mo\u017ee davati tre\u0107ima u svrhu izvr\u0161avanja usluge, za\u0161tite interesa korisnika i Alarm automatike d.o.o. te sprje\u010davanja eventualnih zloporaba;<\/li>\n<li>potrebe \u0161to boljeg uvida i razumijevanja pojedina\u010dnih potreba i zahtjeva korisnika kao i razvijanja mogu\u0107nosti \u0161to kvalitetnijeg pru\u017eanja svih usluga Alarm automatike d.o.o. koji za rezultat imaju pove\u0107anje zadovoljstva korisnika; suglasnost da mu se Alarm automatika d.o.o.\u00a0mo\u017ee obra\u0107ati pismenim putem, telefonski, SMS-om i\/ili elektroni\u010dkom po\u0161tom, te mu na ku\u0107nu adresu dostavljati materijale kojima \u0107e ga obavje\u0161tavati o pogodnostima i novinama u svojoj ponudi; davanje podataka tre\u0107im osobama potrebnim za izvr\u0161enje gore navedenih svrha.<\/li>\n<\/ul>\n<p>Voditelj zbirke Va\u0161ih osobnih podataka je tvrtka Alarm automatika d.o.o. na adresi Dra\u017eice 123c (Zamet), Rijeka.<\/p>\n<p>Sukladno \u010dlanku 7. Op\u0107e uredbe o za\u0161titi podataka Ispitanik ima pravo u svakom trenutku povu\u0107i svoju privolu. Povla\u010denje privole ne utje\u010de na zakonitost obrade na temelju privole prije njezina povla\u010denja. Prije davanja privole, ispitanika se o tome obavje\u0161\u0107uje. Povla\u010denje privole mora biti jednako jednostavno kao i njezino davanje.<\/p>\n<p>Opoziv mo\u017eete podnijeti osobno u uredima tvrtke Alarm automatika d.o.o., po\u0161tom na gore navedenu adresu ili e-po\u0161tom na adresu <a href=\"mailto:gdpr@alarmautomatika.com\">gdpr@alarmautomatika.com<\/a>.<\/p>\n<p>Nakon pa\u017eljivog \u010ditanja i razumijevanja informacija u ovoj Izjavi, dopu\u0161tate da Alarm automatika d.o.o., kao Voditelj zbirke osobnih podataka i korisnik, obra\u0111uje i koristi va\u0161e osobne podatke prikupljene na ovim web stranicama radi omogu\u0107ivanja pristupa i inicijativama koje se nude putem njih, radi istra\u017eivanja tr\u017ei\u0161ta, slanja informacija, ponuda i reklamnih materijala o novim uslugama i\/ili proizvodima dostupnima u Alarm automatici d.o.o.<\/p>\n<p>Ovim putem izri\u010dito izjavljujete da imate vi\u0161e od 18 godina i da zakonski mo\u017eete dati svoj pristanak, \u010dime ujedno potvr\u0111ujete prihva\u0107anje Pravnih uvjeta kori\u0161tenja sadr\u017eaja internetskih stranica Alarm automatike d.o.o. i Pravila privatnosti na internetskim stranicama Alarm automatike d.o.o. sa \u010dijim ste sadr\u017eajem upoznati.<\/p>\n<p>[\/et_pb_text][\/et_pb_column][\/et_pb_row][\/et_pb_section]<\/p>\n","protected":false},"excerpt":{"rendered":"<p>Obveza na povjerljivost podataka Tvrtki Alarm automatika d.o.o. je va\u017ena za\u0161tita sigurnosti i privatnosti osobnih podataka; stoga svoje poslovanje vodi u skladu s va\u017ee\u0107im zakonima o za\u0161titi i sigurnosti podataka. U nastavku navodimo koje podatke Alarm automatika d.o.o. mo\u017ee prikupljati, kako upotrebljava i \u010duva te podatke i kome ih mo\u017ee ustupati. Osobni podaci Alarm automatika [&hellip;]<\/p>\n","protected":false},"author":9,"featured_media":0,"parent":0,"menu_order":0,"comment_status":"closed","ping_status":"closed","template":"","meta":{"_et_pb_use_builder":"on","_et_pb_old_content":"","_et_gb_content_width":"","footnotes":""},"class_list":["post-3","page","type-page","status-publish","hentry"],"_links":{"self":[{"href":"https:\/\/www.dvc.video\/hr\/wp-json\/wp\/v2\/pages\/3","targetHints":{"allow":["GET"]}}],"collection":[{"href":"https:\/\/www.dvc.video\/hr\/wp-json\/wp\/v2\/pages"}],"about":[{"href":"https:\/\/www.dvc.video\/hr\/wp-json\/wp\/v2\/types\/page"}],"author":[{"embeddable":true,"href":"https:\/\/www.dvc.video\/hr\/wp-json\/wp\/v2\/users\/9"}],"replies":[{"embeddable":true,"href":"https:\/\/www.dvc.video\/hr\/wp-json\/wp\/v2\/comments?post=3"}],"version-history":[{"count":0,"href":"https:\/\/www.dvc.video\/hr\/wp-json\/wp\/v2\/pages\/3\/revisions"}],"wp:attachment":[{"href":"https:\/\/www.dvc.video\/hr\/wp-json\/wp\/v2\/media?parent=3"}],"curies":[{"name":"wp","href":"https:\/\/api.w.org\/{rel}","templated":true}]}}