{"id":2260,"date":"2021-04-22T08:29:37","date_gmt":"2021-04-22T06:29:37","guid":{"rendered":"https:\/\/www.dvc.video\/impressum\/"},"modified":"2025-03-03T09:30:00","modified_gmt":"2025-03-03T08:30:00","slug":"impressum","status":"publish","type":"page","link":"https:\/\/www.dvc.video\/en\/impressum\/","title":{"rendered":"Impressum"},"content":{"rendered":"<p>[et_pb_section fb_built=&#8221;1&#8243; _builder_version=&#8221;4.20.2&#8243; _module_preset=&#8221;default&#8221; background_enable_color=&#8221;off&#8221; background_image=&#8221;https:\/\/www.dvc.video\/wp-content\/uploads\/2021\/03\/bcg-red-triangle.jpg&#8221; height_last_edited=&#8221;off|desktop&#8221; custom_padding=&#8221;34px||34px||true|false&#8221; global_module=&#8221;793&#8243; saved_tabs=&#8221;all&#8221; global_colors_info=&#8221;{}&#8221;][et_pb_row _builder_version=&#8221;4.16&#8243; _module_preset=&#8221;default&#8221; global_colors_info=&#8221;{}&#8221;][et_pb_column type=&#8221;4_4&#8243; _builder_version=&#8221;4.16&#8243; _module_preset=&#8221;default&#8221; global_colors_info=&#8221;{}&#8221;][et_pb_text _builder_version=&#8221;4.20.0&#8243; _dynamic_attributes=&#8221;content&#8221; _module_preset=&#8221;default&#8221; header_text_color=&#8221;#FFFFFF&#8221; header_line_height=&#8221;1.3em&#8221; header_font_size_tablet=&#8221;&#8221; header_font_size_phone=&#8221;&#8221; header_font_size_last_edited=&#8221;on|desktop&#8221; global_colors_info=&#8221;{}&#8221;]@ET-DC@eyJkeW5hbWljIjp0cnVlLCJjb250ZW50IjoicG9zdF90aXRsZSIsInNldHRpbmdzIjp7ImJlZm9yZSI6IjxoMT4iLCJhZnRlciI6IjxcL2gxPiJ9fQ==@[\/et_pb_text][\/et_pb_column][\/et_pb_row][\/et_pb_section][et_pb_section fb_built=&#8221;1&#8243; _builder_version=&#8221;4.16&#8243; _module_preset=&#8221;default&#8221; global_colors_info=&#8221;{}&#8221;][et_pb_row column_structure=&#8221;1_2,1_2&#8243; _builder_version=&#8221;4.16&#8243; _module_preset=&#8221;default&#8221; global_colors_info=&#8221;{}&#8221;][et_pb_column type=&#8221;1_2&#8243; _builder_version=&#8221;4.16&#8243; _module_preset=&#8221;default&#8221; global_colors_info=&#8221;{}&#8221;][et_pb_text _builder_version=&#8221;4.25.0&#8243; _module_preset=&#8221;default&#8221; header_2_font_size=&#8221;20px&#8221; header_2_line_height=&#8221;1.3em&#8221; global_colors_info=&#8221;{}&#8221;]<\/p>\n<h2>Headquarter<\/h2>\n<p>Alarm automatika d.o.o.<br \/>Drazice 123c (Zamet)<br \/>51000 Rijeka<br \/>Croatia<\/p>\n<p>VAT:\u00a0HR30532290707<\/p>\n<p>[\/et_pb_text][et_pb_text _builder_version=&#8221;4.27.4&#8243; _module_preset=&#8221;default&#8221; header_2_font_size=&#8221;20px&#8221; header_2_line_height=&#8221;1.3em&#8221; hover_enabled=&#8221;0&#8243; global_colors_info=&#8221;{}&#8221; sticky_enabled=&#8221;0&#8243;]<\/p>\n<h2>Board members<\/h2>\n<ul>\n<li>Boris Popovi\u0107<\/li>\n<li>Vukovi\u0107<\/li>\n<li>Ble\u010di\u0107<\/li>\n<li>Don\u010devi\u0107<\/li>\n<li>Klobu\u010dar<\/li>\n<\/ul>\n<p>[\/et_pb_text][\/et_pb_column][et_pb_column type=&#8221;1_2&#8243; _builder_version=&#8221;4.16&#8243; _module_preset=&#8221;default&#8221; global_colors_info=&#8221;{}&#8221;][et_pb_text _builder_version=&#8221;4.16&#8243; _module_preset=&#8221;default&#8221; header_2_font_size=&#8221;20px&#8221; header_2_line_height=&#8221;1.3em&#8221; global_colors_info=&#8221;{}&#8221;]<\/p>\n<h2>Bank accounts<\/h2>\n<p>Zagreba\u010dka banka d.d., Trg bana Josipa Jela\u010di\u0107a 10<br \/>10000 Zagreb<br \/>IBAN: HR0223600001101208936<\/p>\n<p>Erste&amp;Steierm\u00e4rkische Bank d.d., Jadranski trg 3A<br \/>51000 Rijeka<br \/>IBAN: HR2624020061100568932<\/p>\n<p>Addiko Bank d.d., Slavonska avenija 6<br \/>10000 Zagreb<br \/>IBAN: HR7425000091101349241<\/p>\n<p>Podravska banka d.d., Opati\u010dka 3<br \/>48000 Koprivnica<br \/>IBAN: HR6923860021110082257<\/p>\n<p>Privredna banka Zagreb d.d., Radni\u010dka cesta 50<br \/>10000 Zagreb<br \/>IBAN: HR5823400091110595350<\/p>\n<p>[\/et_pb_text][\/et_pb_column][\/et_pb_row][\/et_pb_section]<\/p>\n","protected":false},"excerpt":{"rendered":"<p>Headquarter Alarm automatika d.o.o.Drazice 123c (Zamet)51000 RijekaCroatia VAT:\u00a0HR30532290707Board members Boris Popovi\u0107 Vukovi\u0107 Ble\u010di\u0107 Don\u010devi\u0107 Klobu\u010dar Bank accounts Zagreba\u010dka banka d.d., Trg bana Josipa Jela\u010di\u0107a 1010000 ZagrebIBAN: HR0223600001101208936 Erste&amp;Steierm\u00e4rkische Bank d.d., Jadranski trg 3A51000 RijekaIBAN: HR2624020061100568932 Addiko Bank d.d., Slavonska avenija 610000 ZagrebIBAN: HR7425000091101349241 Podravska banka d.d., Opati\u010dka 348000 KoprivnicaIBAN: HR6923860021110082257 Privredna banka Zagreb d.d., Radni\u010dka [&hellip;]<\/p>\n","protected":false},"author":9,"featured_media":0,"parent":0,"menu_order":0,"comment_status":"closed","ping_status":"closed","template":"","meta":{"_et_pb_use_builder":"on","_et_pb_old_content":"","_et_gb_content_width":"","footnotes":""},"class_list":["post-2260","page","type-page","status-publish","hentry"],"_links":{"self":[{"href":"https:\/\/www.dvc.video\/en\/wp-json\/wp\/v2\/pages\/2260","targetHints":{"allow":["GET"]}}],"collection":[{"href":"https:\/\/www.dvc.video\/en\/wp-json\/wp\/v2\/pages"}],"about":[{"href":"https:\/\/www.dvc.video\/en\/wp-json\/wp\/v2\/types\/page"}],"author":[{"embeddable":true,"href":"https:\/\/www.dvc.video\/en\/wp-json\/wp\/v2\/users\/9"}],"replies":[{"embeddable":true,"href":"https:\/\/www.dvc.video\/en\/wp-json\/wp\/v2\/comments?post=2260"}],"version-history":[{"count":2,"href":"https:\/\/www.dvc.video\/en\/wp-json\/wp\/v2\/pages\/2260\/revisions"}],"predecessor-version":[{"id":33542,"href":"https:\/\/www.dvc.video\/en\/wp-json\/wp\/v2\/pages\/2260\/revisions\/33542"}],"wp:attachment":[{"href":"https:\/\/www.dvc.video\/en\/wp-json\/wp\/v2\/media?parent=2260"}],"curies":[{"name":"wp","href":"https:\/\/api.w.org\/{rel}","templated":true}]}}