{"id":28707,"date":"2021-05-18T12:25:59","date_gmt":"2021-05-18T10:25:59","guid":{"rendered":"https:\/\/www.dvc.video\/proizvod\/Bez kategorije\/dvc-ix-dj401-2\/"},"modified":"2026-04-27T09:05:07","modified_gmt":"2026-04-27T07:05:07","slug":"dvc-ix-dj401-2","status":"publish","type":"product","link":"https:\/\/www.dvc.video\/bs\/proizvod\/interfoni-i-videointerfoni-bs\/dodaci-za-unutrasnje-jedinice\/dvc-ix-dj401-2\/","title":{"rendered":"DVC IX-DJ401"},"content":{"rendered":"","protected":false},"excerpt":{"rendered":"<p>Audio slu\u0161alica za DVC IP interfonske sustave, koristi se za pretvaranje hands-free monitora DVC IX471 u monitor sa slu\u0161alicom.Preporu\u010deno kori\u0161tenje dodatnog nosa\u010da DVC IX-Bracket<\/p>\n","protected":false},"featured_media":5799,"template":"","meta":{"_et_pb_use_builder":"","_et_pb_old_content":"","_et_gb_content_width":""},"product_brand":[],"product_cat":[195,191],"product_tag":[],"class_list":{"0":"post-28707","1":"product","2":"type-product","3":"status-publish","4":"has-post-thumbnail","6":"product_cat-dodaci-za-unutrasnje-jedinice","7":"product_cat-interfoni-i-videointerfoni-bs","9":"first","10":"instock","11":"shipping-taxable","12":"product-type-simple"},"_links":{"self":[{"href":"https:\/\/www.dvc.video\/bs\/wp-json\/wp\/v2\/product\/28707","targetHints":{"allow":["GET"]}}],"collection":[{"href":"https:\/\/www.dvc.video\/bs\/wp-json\/wp\/v2\/product"}],"about":[{"href":"https:\/\/www.dvc.video\/bs\/wp-json\/wp\/v2\/types\/product"}],"wp:featuredmedia":[{"embeddable":true,"href":"https:\/\/www.dvc.video\/bs\/wp-json\/wp\/v2\/media\/5799"}],"wp:attachment":[{"href":"https:\/\/www.dvc.video\/bs\/wp-json\/wp\/v2\/media?parent=28707"}],"wp:term":[{"taxonomy":"product_brand","embeddable":true,"href":"https:\/\/www.dvc.video\/bs\/wp-json\/wp\/v2\/product_brand?post=28707"},{"taxonomy":"product_cat","embeddable":true,"href":"https:\/\/www.dvc.video\/bs\/wp-json\/wp\/v2\/product_cat?post=28707"},{"taxonomy":"product_tag","embeddable":true,"href":"https:\/\/www.dvc.video\/bs\/wp-json\/wp\/v2\/product_tag?post=28707"}],"curies":[{"name":"wp","href":"https:\/\/api.w.org\/{rel}","templated":true}]}}