{"id":28434,"date":"2021-05-18T12:38:49","date_gmt":"2021-05-18T10:38:49","guid":{"rendered":"https:\/\/www.dvc.video\/proizvod\/Bez%20kategorije\/dvc-dt607c-s2-rh-2\/"},"modified":"2026-04-04T05:37:39","modified_gmt":"2026-04-04T03:37:39","slug":"dvc-dt607c-s2-rh-2","status":"publish","type":"product","link":"https:\/\/www.dvc.video\/bs\/proizvod\/interfoni-i-videointerfoni-bs\/vanjske-jedinice-bs\/dvc-dt607c-s2-rh-2\/","title":{"rendered":"DVC DT607C\/S2\/RH"},"content":{"rendered":"","protected":false},"excerpt":{"rendered":"<p>Vanjska pozivna jedinica sa \u0161irokokutnom kamerom u boji i 2 pozivne tipke. Izra\u0111ena od nehr\u0111aju\u0107eg \u010delika. IP54 za\u0161tita. Nad\u017ebukna ugradnja. Napajanje 24 VDC.<\/p>\n","protected":false},"featured_media":5781,"template":"","meta":{"_et_pb_use_builder":"","_et_pb_old_content":"","_et_gb_content_width":""},"product_brand":[],"product_cat":[191,209],"product_tag":[],"class_list":{"0":"post-28434","1":"product","2":"type-product","3":"status-publish","4":"has-post-thumbnail","6":"product_cat-interfoni-i-videointerfoni-bs","7":"product_cat-vanjske-jedinice-bs","9":"first","10":"instock","11":"shipping-taxable","12":"product-type-simple"},"_links":{"self":[{"href":"https:\/\/www.dvc.video\/bs\/wp-json\/wp\/v2\/product\/28434","targetHints":{"allow":["GET"]}}],"collection":[{"href":"https:\/\/www.dvc.video\/bs\/wp-json\/wp\/v2\/product"}],"about":[{"href":"https:\/\/www.dvc.video\/bs\/wp-json\/wp\/v2\/types\/product"}],"wp:featuredmedia":[{"embeddable":true,"href":"https:\/\/www.dvc.video\/bs\/wp-json\/wp\/v2\/media\/5781"}],"wp:attachment":[{"href":"https:\/\/www.dvc.video\/bs\/wp-json\/wp\/v2\/media?parent=28434"}],"wp:term":[{"taxonomy":"product_brand","embeddable":true,"href":"https:\/\/www.dvc.video\/bs\/wp-json\/wp\/v2\/product_brand?post=28434"},{"taxonomy":"product_cat","embeddable":true,"href":"https:\/\/www.dvc.video\/bs\/wp-json\/wp\/v2\/product_cat?post=28434"},{"taxonomy":"product_tag","embeddable":true,"href":"https:\/\/www.dvc.video\/bs\/wp-json\/wp\/v2\/product_tag?post=28434"}],"curies":[{"name":"wp","href":"https:\/\/api.w.org\/{rel}","templated":true}]}}