{"id":27594,"date":"2023-06-05T10:34:23","date_gmt":"2023-06-05T08:34:23","guid":{"rendered":"https:\/\/www.dvc.video\/proizvod\/Bez%20kategorije\/dvc-dt-dj9a-2\/"},"modified":"2026-04-25T05:38:13","modified_gmt":"2026-04-25T03:38:13","slug":"dvc-dt-dj9a-2","status":"publish","type":"product","link":"https:\/\/www.dvc.video\/bs\/proizvod\/interfoni-i-videointerfoni-bs\/unutrasnje-jedinice\/dvc-dt-dj9a-2\/","title":{"rendered":"DVC DT-DJ9A"},"content":{"rendered":"","protected":false},"excerpt":{"rendered":"<p>Audio hands-free jedinica za DVC interfonske sustave s 3 tipke. Mogu\u0107nost kontrole 2 elektri\u010dne brave, mogu\u0107nost internog poziva unutar stana<\/p>\n","protected":false},"featured_media":21731,"template":"","meta":{"_et_pb_use_builder":"","_et_pb_old_content":"","_et_gb_content_width":""},"product_brand":[],"product_cat":[191,207],"product_tag":[],"class_list":{"0":"post-27594","1":"product","2":"type-product","3":"status-publish","4":"has-post-thumbnail","6":"product_cat-interfoni-i-videointerfoni-bs","7":"product_cat-unutrasnje-jedinice","9":"first","10":"instock","11":"shipping-taxable","12":"product-type-simple"},"_links":{"self":[{"href":"https:\/\/www.dvc.video\/bs\/wp-json\/wp\/v2\/product\/27594","targetHints":{"allow":["GET"]}}],"collection":[{"href":"https:\/\/www.dvc.video\/bs\/wp-json\/wp\/v2\/product"}],"about":[{"href":"https:\/\/www.dvc.video\/bs\/wp-json\/wp\/v2\/types\/product"}],"wp:featuredmedia":[{"embeddable":true,"href":"https:\/\/www.dvc.video\/bs\/wp-json\/wp\/v2\/media\/21731"}],"wp:attachment":[{"href":"https:\/\/www.dvc.video\/bs\/wp-json\/wp\/v2\/media?parent=27594"}],"wp:term":[{"taxonomy":"product_brand","embeddable":true,"href":"https:\/\/www.dvc.video\/bs\/wp-json\/wp\/v2\/product_brand?post=27594"},{"taxonomy":"product_cat","embeddable":true,"href":"https:\/\/www.dvc.video\/bs\/wp-json\/wp\/v2\/product_cat?post=27594"},{"taxonomy":"product_tag","embeddable":true,"href":"https:\/\/www.dvc.video\/bs\/wp-json\/wp\/v2\/product_tag?post=27594"}],"curies":[{"name":"wp","href":"https:\/\/api.w.org\/{rel}","templated":true}]}}