{"id":4412,"date":"2021-03-09T11:23:32","date_gmt":"2021-03-09T10:23:32","guid":{"rendered":"https:\/\/www.dvc.video\/videointerfoni\/"},"modified":"2023-04-11T15:29:57","modified_gmt":"2023-04-11T13:29:57","slug":"videointerfoni","status":"publish","type":"page","link":"https:\/\/www.dvc.video\/bs\/videointerfoni\/","title":{"rendered":"Videointerfoni"},"content":{"rendered":"<p>[et_pb_section fb_built=&#8221;1&#8221; _builder_version=&#8221;4.20.2&#8221; _module_preset=&#8221;default&#8221; background_enable_color=&#8221;off&#8221; background_image=&#8221;https:\/\/www.dvc.video\/wp-content\/uploads\/2021\/03\/bcg-red-triangle.jpg&#8221; height=&#8221;150px&#8221; height_last_edited=&#8221;off|desktop&#8221; custom_padding=&#8221;34px||34px||true|false&#8221; global_module=&#8221;793&#8221; saved_tabs=&#8221;all&#8221; global_colors_info=&#8221;{}&#8221;][et_pb_row _builder_version=&#8221;4.16&#8221; _module_preset=&#8221;default&#8221; global_colors_info=&#8221;{}&#8221;][et_pb_column type=&#8221;4_4&#8221; _builder_version=&#8221;4.16&#8221; _module_preset=&#8221;default&#8221; global_colors_info=&#8221;{}&#8221;][et_pb_text _builder_version=&#8221;4.20.0&#8221; _dynamic_attributes=&#8221;content&#8221; _module_preset=&#8221;default&#8221; header_text_color=&#8221;#FFFFFF&#8221; header_line_height=&#8221;1.3em&#8221; header_font_size_tablet=&#8221;&#8221; header_font_size_phone=&#8221;&#8221; header_font_size_last_edited=&#8221;on|desktop&#8221; global_colors_info=&#8221;{}&#8221;]@ET-DC@eyJkeW5hbWljIjp0cnVlLCJjb250ZW50IjoicG9zdF90aXRsZSIsInNldHRpbmdzIjp7ImJlZm9yZSI6IjxoMT4iLCJhZnRlciI6IjxcL2gxPiJ9fQ==@[\/et_pb_text][\/et_pb_column][\/et_pb_row][\/et_pb_section][et_pb_section fb_built=&#8221;1&#8221; _builder_version=&#8221;4.16&#8221; _module_preset=&#8221;default&#8221; global_colors_info=&#8221;{}&#8221;][et_pb_row _builder_version=&#8221;4.16&#8221; _module_preset=&#8221;default&#8221; global_colors_info=&#8221;{}&#8221;][et_pb_column type=&#8221;4_4&#8221; _builder_version=&#8221;4.16&#8221; _module_preset=&#8221;default&#8221; global_colors_info=&#8221;{}&#8221;][et_pb_text _builder_version=&#8221;4.20.2&#8221; _module_preset=&#8221;default&#8221; hover_enabled=&#8221;0&#8221; global_colors_info=&#8221;{}&#8221; sticky_enabled=&#8221;0&#8221;]<\/p>\n<p>DVC linija video interfona nudi sveobuhvatan asortiman proizvoda koji \u0107e korisniku omogu\u0107iti prakti\u010dnu i jednostavnu dvosmjernu audio i video komunikaciju. Odaberite izme\u0111u na\u0161e visokou\u010dinkovite IP ili 2-wire linije proizvoda video interfona, koja \u0107e se prilagoditi svakoj aplikaciji.  <\/p>\n<p>[\/et_pb_text][et_pb_text _builder_version=&#8221;4.20.2&#8221; _module_preset=&#8221;default&#8221; hover_enabled=&#8221;0&#8221; global_colors_info=&#8221;{}&#8221; sticky_enabled=&#8221;0&#8221;]<\/p>\n<h2>IP videointerfonski sistemi<\/h2>\n<p>DVC IP videointerfonski sustav je stabilan, prilagodljiv, ekonomi\u010dan i jednostavan za instalaciju i kori\u0161tenje. <\/p>\n<ul>\n<li>Povezivanje putem wifi-a<\/li>\n<li>Pregled IP kamera<\/li>\n<li>Integracija s kamerama gotovo svih proizvo\u0111a\u010da<\/li>\n<li>Quad view i slika u slici<\/li>\n<li>Preusmjeravanje poziva na aplikaciju<\/li>\n<\/ul>\n<p>IP videointerfonski sistem pogodan je za male, srednje i velike instalacije, od ku\u0107e i vile, do zgrade s vi\u0161e ulaza ili kompleksnog sistema.<\/p>\n<p>[\/et_pb_text][et_pb_text _builder_version=&#8221;4.20.2&#8221; _module_preset=&#8221;default&#8221; hover_enabled=&#8221;0&#8221; global_colors_info=&#8221;{}&#8221; sticky_enabled=&#8221;0&#8221;]<\/p>\n<h2>2-wire videointerfonski sistemi<\/h2>\n<p>Jednostavnost o\u017ei\u010denja i fleksibilnost \u010dine DVC 2-Wire videointerfonski sistem kvalitetnim odabirom kako za instalatera, tako i za krajnjeg korisnika. Najve\u0107a prednost instalateru ovog sistema  \u010dini mogu\u0107nost kori\u0161tenja ve\u0107 postoje\u0107e, stare instalacije ili jednostavnost provla\u010denja nove, \u0161to zna\u010di manji tro\u0161ak za krajnjeg korisnika. <\/p>\n<ul>\n<li>Kapacitet sistema do 256 stanova<\/li>\n<li>Jednostavna konfiguracija i automatska detekcija elemenata u sistemu<\/li>\n<li>Povezivanje putem Wifi-a<\/li>\n<li>Quad view i slika u slici<\/li>\n<li>Preusmjeravanje poziva na aplikaciju<\/li>\n<\/ul>\n<p>[\/et_pb_text][et_pb_text _builder_version=&#8221;4.20.2&#8221; _module_preset=&#8221;default&#8221; hover_enabled=&#8221;0&#8221; global_colors_info=&#8221;{}&#8221; sticky_enabled=&#8221;0&#8221;]<\/p>\n<h2>Modularnost sistema<\/h2>\n<p>Modularnost DVC videointerfonskih sistema omogu\u0107uje prilagodbu specifi\u010dnim \u017eeljama i financijskim mogu\u0107nostima korisnika te jednostavnijim pro\u0161irenjima u slu\u010daju potrebe.[\/et_pb_text][et_pb_text _builder_version=&#8221;4.20.2&#8221; _module_preset=&#8221;default&#8221; hover_enabled=&#8221;0&#8221; global_colors_info=&#8221;{}&#8221; sticky_enabled=&#8221;0&#8221;]<\/p>\n<h2>Kvaliteta slike<\/h2>\n<p>Ve\u0107ina DVC videointerfonskih vanjskih jedinica opremljena je \u0161irokokutnom (FishEye) kamerom u boji koja pokriva kut gledanja od 170\u02da (horizontalno) i 130\u02da (vertikalno). Te karakteristike omogu\u0107uju korisniku znatno lak\u0161u identifikaciju osoba i bolje uo\u010davanje pojedinosti.[\/et_pb_text][et_pb_text _builder_version=&#8221;4.20.2&#8221; _module_preset=&#8221;default&#8221; hover_enabled=&#8221;0&#8221; global_colors_info=&#8221;{}&#8221; sticky_enabled=&#8221;0&#8221;]<\/p>\n<h2>VDP Connect aplikacija <\/h2>\n<p>VDP aplikacija omogu\u0107it \u0107e korisniku jednostavno upravljanje DVC video interfonskim sistemom. Pomo\u0107u aplikacije korisnik mo\u017ee odgovoriti na poziv s vanjske jedinice, razgovarati s posjetiteljima putem mobilnog ure\u0111aja i kontrolirati otklju\u010davanje.<\/p>\n<p>[\/et_pb_text][\/et_pb_column][\/et_pb_row][\/et_pb_section]<\/p>\n","protected":false},"excerpt":{"rendered":"<p>DVC linija video interfona nudi sveobuhvatan asortiman proizvoda koji \u0107e korisniku omogu\u0107iti prakti\u010dnu i jednostavnu dvosmjernu audio i video komunikaciju. Odaberite izme\u0111u na\u0161e visokou\u010dinkovite IP ili 2-wire linije proizvoda video interfona, koja \u0107e se prilagoditi svakoj aplikaciji. IP videointerfonski sistemi DVC IP videointerfonski sustav je stabilan, prilagodljiv, ekonomi\u010dan i jednostavan za instalaciju i kori\u0161tenje. Povezivanje [&hellip;]<\/p>\n","protected":false},"author":9,"featured_media":0,"parent":0,"menu_order":0,"comment_status":"closed","ping_status":"closed","template":"","meta":{"_et_pb_use_builder":"on","_et_pb_old_content":"","_et_gb_content_width":"","footnotes":""},"class_list":["post-4412","page","type-page","status-publish","hentry"],"_links":{"self":[{"href":"https:\/\/www.dvc.video\/bs\/wp-json\/wp\/v2\/pages\/4412","targetHints":{"allow":["GET"]}}],"collection":[{"href":"https:\/\/www.dvc.video\/bs\/wp-json\/wp\/v2\/pages"}],"about":[{"href":"https:\/\/www.dvc.video\/bs\/wp-json\/wp\/v2\/types\/page"}],"author":[{"embeddable":true,"href":"https:\/\/www.dvc.video\/bs\/wp-json\/wp\/v2\/users\/9"}],"replies":[{"embeddable":true,"href":"https:\/\/www.dvc.video\/bs\/wp-json\/wp\/v2\/comments?post=4412"}],"version-history":[{"count":0,"href":"https:\/\/www.dvc.video\/bs\/wp-json\/wp\/v2\/pages\/4412\/revisions"}],"wp:attachment":[{"href":"https:\/\/www.dvc.video\/bs\/wp-json\/wp\/v2\/media?parent=4412"}],"curies":[{"name":"wp","href":"https:\/\/api.w.org\/{rel}","templated":true}]}}