{"id":4320,"date":"2021-03-09T11:24:25","date_gmt":"2021-03-09T10:24:25","guid":{"rendered":"https:\/\/www.dvc.video\/zastita-perimetra\/"},"modified":"2021-07-07T10:17:28","modified_gmt":"2021-07-07T08:17:28","slug":"zastita-perimetra","status":"publish","type":"page","link":"https:\/\/www.dvc.video\/bs\/zastita-perimetra\/","title":{"rendered":"Za\u0161tita perimetra"},"content":{"rendered":"<p>[et_pb_section fb_built=&#8221;1&#8221; _builder_version=&#8221;4.9.2&#8221; _module_preset=&#8221;default&#8221; background_enable_color=&#8221;off&#8221; background_image=&#8221;https:\/\/www.dvc.video\/wp-content\/uploads\/2021\/03\/bcg-red-triangle.jpg&#8221; height=&#8221;150px&#8221; height_last_edited=&#8221;off|desktop&#8221; custom_padding=&#8221;0px||0px||true|false&#8221; global_module=&#8221;793&#8221;][et_pb_row _builder_version=&#8221;4.9.2&#8221; _module_preset=&#8221;default&#8221;][et_pb_column type=&#8221;4_4&#8221; _builder_version=&#8221;4.9.2&#8221; _module_preset=&#8221;default&#8221;][et_pb_text _builder_version=&#8221;4.9.7&#8221; _dynamic_attributes=&#8221;content&#8221; _module_preset=&#8221;default&#8221; header_text_color=&#8221;#FFFFFF&#8221; header_line_height=&#8221;1.3em&#8221; header_font_size_tablet=&#8221;&#8221; header_font_size_phone=&#8221;&#8221; header_font_size_last_edited=&#8221;on|desktop&#8221;]@ET-DC@eyJkeW5hbWljIjp0cnVlLCJjb250ZW50IjoicG9zdF90aXRsZSIsInNldHRpbmdzIjp7ImJlZm9yZSI6IjxoMT4iLCJhZnRlciI6IjxcL2gxPiJ9fQ==@[\/et_pb_text][\/et_pb_column][\/et_pb_row][\/et_pb_section][et_pb_section fb_built=&#8221;1&#8221; _builder_version=&#8221;4.9.2&#8221; _module_preset=&#8221;default&#8221;][et_pb_row _builder_version=&#8221;4.9.2&#8221; _module_preset=&#8221;default&#8221;][et_pb_column type=&#8221;4_4&#8221; _builder_version=&#8221;4.9.2&#8221; _module_preset=&#8221;default&#8221;][et_pb_text _builder_version=&#8221;4.9.2&#8221; _module_preset=&#8221;default&#8221;]Kvalitetna i ispravno postavljena perimetarska za\u0161tita \u010dini nevidljivi \u0161tit vanjske povr\u0161ine \u0161ti\u0107enog prostora. Cilj perimetarske za\u0161tite je prevenirati i u startu sprije\u010diti ne\u017eeljenog posjetitelja, prije nego \u0161to se \u0161tetni doga\u0111aj uop\u0107e dogodi.<\/p>\n<p>DVC IP Perimetar Protection kamere dio su Special IP linije namijenjene za za\u0161titu oku\u0107nice, vrta ili terasa. Pouzdan su izbor i za za\u0161titu prostora koji okru\u017euje industrijski i poslovni kompleks, parkirali\u0161te, tvrtku ili tvornicu.[\/et_pb_text][et_pb_video src=&#8221;https:\/\/youtu.be\/-GdVxgZMIdE&#8221; _builder_version=&#8221;4.9.4&#8221; _module_preset=&#8221;default&#8221; width=&#8221;50%&#8221; width_tablet=&#8221;100%&#8221; width_phone=&#8221;&#8221; width_last_edited=&#8221;on|tablet&#8221; module_alignment=&#8221;center&#8221; module_alignment_last_edited=&#8221;off|desktop&#8221;][\/et_pb_video][et_pb_text _builder_version=&#8221;4.9.2&#8221; _module_preset=&#8221;default&#8221;]<\/p>\n<h2>Tehni\u010dke karakteristike<\/h2>\n<ul>\n<li>5 Mpx<\/li>\n<li>Motorizirani objektiv<\/li>\n<li>Utor za SD karticu<\/li>\n<li>Alarmna LED svjetlosna signalizacija i zvu\u010dno upozorenje putem ugra\u0111enog zvu\u010dnika<\/li>\n<\/ul>\n<p>[\/et_pb_text][\/et_pb_column][\/et_pb_row][\/et_pb_section]<\/p>\n","protected":false},"excerpt":{"rendered":"<p>Kvalitetna i ispravno postavljena perimetarska za\u0161tita \u010dini nevidljivi \u0161tit vanjske povr\u0161ine \u0161ti\u0107enog prostora. Cilj perimetarske za\u0161tite je prevenirati i u startu sprije\u010diti ne\u017eeljenog posjetitelja, prije nego \u0161to se \u0161tetni doga\u0111aj uop\u0107e dogodi. DVC IP Perimetar Protection kamere dio su Special IP linije namijenjene za za\u0161titu oku\u0107nice, vrta ili terasa. Pouzdan su izbor i za za\u0161titu [&hellip;]<\/p>\n","protected":false},"author":9,"featured_media":0,"parent":0,"menu_order":0,"comment_status":"closed","ping_status":"closed","template":"","meta":{"_et_pb_use_builder":"on","_et_pb_old_content":"","_et_gb_content_width":"","footnotes":""},"class_list":["post-4320","page","type-page","status-publish","hentry"],"_links":{"self":[{"href":"https:\/\/www.dvc.video\/bs\/wp-json\/wp\/v2\/pages\/4320","targetHints":{"allow":["GET"]}}],"collection":[{"href":"https:\/\/www.dvc.video\/bs\/wp-json\/wp\/v2\/pages"}],"about":[{"href":"https:\/\/www.dvc.video\/bs\/wp-json\/wp\/v2\/types\/page"}],"author":[{"embeddable":true,"href":"https:\/\/www.dvc.video\/bs\/wp-json\/wp\/v2\/users\/9"}],"replies":[{"embeddable":true,"href":"https:\/\/www.dvc.video\/bs\/wp-json\/wp\/v2\/comments?post=4320"}],"version-history":[{"count":0,"href":"https:\/\/www.dvc.video\/bs\/wp-json\/wp\/v2\/pages\/4320\/revisions"}],"wp:attachment":[{"href":"https:\/\/www.dvc.video\/bs\/wp-json\/wp\/v2\/media?parent=4320"}],"curies":[{"name":"wp","href":"https:\/\/api.w.org\/{rel}","templated":true}]}}