{"id":4311,"date":"2021-03-09T11:26:05","date_gmt":"2021-03-09T10:26:05","guid":{"rendered":"https:\/\/www.dvc.video\/prepoznavanje-registarskih-tablica\/"},"modified":"2021-07-07T10:09:47","modified_gmt":"2021-07-07T08:09:47","slug":"prepoznavanje-registarskih-tablica","status":"publish","type":"page","link":"https:\/\/www.dvc.video\/bs\/prepoznavanje-registarskih-tablica\/","title":{"rendered":"Prepoznavanje registarskih tablica"},"content":{"rendered":"<p>[et_pb_section fb_built=&#8221;1&#8221; _builder_version=&#8221;4.9.2&#8221; _module_preset=&#8221;default&#8221; background_enable_color=&#8221;off&#8221; background_image=&#8221;https:\/\/www.dvc.video\/wp-content\/uploads\/2021\/03\/bcg-red-triangle.jpg&#8221; height=&#8221;150px&#8221; height_last_edited=&#8221;off|desktop&#8221; custom_padding=&#8221;0px||0px||true|false&#8221; global_module=&#8221;793&#8221;][et_pb_row _builder_version=&#8221;4.9.2&#8221; _module_preset=&#8221;default&#8221;][et_pb_column type=&#8221;4_4&#8221; _builder_version=&#8221;4.9.2&#8221; _module_preset=&#8221;default&#8221;][et_pb_text _builder_version=&#8221;4.9.7&#8221; _dynamic_attributes=&#8221;content&#8221; _module_preset=&#8221;default&#8221; header_text_color=&#8221;#FFFFFF&#8221; header_line_height=&#8221;1.3em&#8221; header_font_size_tablet=&#8221;&#8221; header_font_size_phone=&#8221;&#8221; header_font_size_last_edited=&#8221;on|desktop&#8221;]@ET-DC@eyJkeW5hbWljIjp0cnVlLCJjb250ZW50IjoicG9zdF90aXRsZSIsInNldHRpbmdzIjp7ImJlZm9yZSI6IjxoMT4iLCJhZnRlciI6IjxcL2gxPiJ9fQ==@[\/et_pb_text][\/et_pb_column][\/et_pb_row][\/et_pb_section][et_pb_section fb_built=&#8221;1&#8221; _builder_version=&#8221;4.9.2&#8221; _module_preset=&#8221;default&#8221;][et_pb_row _builder_version=&#8221;4.9.2&#8221; _module_preset=&#8221;default&#8221;][et_pb_column type=&#8221;4_4&#8221; _builder_version=&#8221;4.9.2&#8221; _module_preset=&#8221;default&#8221;][et_pb_text _builder_version=&#8221;4.9.2&#8221; _module_preset=&#8221;default&#8221;]DVC LPR (License Plate Recognition \u2013 prepoznavanje registarskih tablica) kamere dio su DVC Special IP serije kamera. LPR kamere automatski prepoznaju registarske tablice i idealne su za kori\u0161tenje na \u0161ti\u0107enim ili privatnim parkirali\u0161tima, prilikom ulaska u akademsku ustanovu, kao i na benzinskim pumpama.<br \/>\nKako bi LPR kamera ispravno radila, od velike je va\u017enosti profesionalna i precizna instalacija i monta\u017ea. Bez obzira na kvalitet same kamere i odgovaraju\u0107i softver, kvalitet prepoznavanja tablica i obrade podataka u velikoj mjeri zavisi od lokacije, polo\u017eaja i postavljanja LPR kamere.[\/et_pb_text][et_pb_video src=&#8221;https:\/\/youtu.be\/Vvs2c6yEN6Q&#8221; _builder_version=&#8221;4.9.4&#8221; _module_preset=&#8221;default&#8221; width=&#8221;50%&#8221; width_tablet=&#8221;100%&#8221; width_phone=&#8221;&#8221; width_last_edited=&#8221;on|desktop&#8221; module_alignment=&#8221;center&#8221;][\/et_pb_video][et_pb_text _builder_version=&#8221;4.9.2&#8221; _module_preset=&#8221;default&#8221;]<\/p>\n<h2>Tehni\u010dke karakteristike<\/h2>\n<p>LPR Bullet IP video kamera, rezolucija 2Mpx\/25fps, objektiv 7 &#8211; 22 mm, 0.0026Lux@F1.2, SMART H.265, IR LED dometa 50-70m, True WDR 120dB, 12VDC\/PoE, Onvif, IP67 za\u0161tita.<\/p>\n<p>[\/et_pb_text][et_pb_text _builder_version=&#8221;4.9.2&#8221; _module_preset=&#8221;default&#8221;]<\/p>\n<h2><span>Instalacija DVC LPR kamere<\/span><\/h2>\n<p>[\/et_pb_text][et_pb_video src=&#8221;https:\/\/youtu.be\/afy-Q-HIpT0&#8221; image_src=&#8221;\/\/i.ytimg.com\/vi\/afy-Q-HIpT0\/hqdefault.jpg&#8221; _builder_version=&#8221;4.9.4&#8221; _module_preset=&#8221;default&#8221; width=&#8221;50%&#8221; width_tablet=&#8221;100%&#8221; width_phone=&#8221;&#8221; width_last_edited=&#8221;on|tablet&#8221; module_alignment=&#8221;center&#8221;][\/et_pb_video][\/et_pb_column][\/et_pb_row][\/et_pb_section]<\/p>\n","protected":false},"excerpt":{"rendered":"<p>DVC LPR (License Plate Recognition \u2013 prepoznavanje registarskih tablica) kamere dio su DVC Special IP serije kamera. LPR kamere automatski prepoznaju registarske tablice i idealne su za kori\u0161tenje na \u0161ti\u0107enim ili privatnim parkirali\u0161tima, prilikom ulaska u akademsku ustanovu, kao i na benzinskim pumpama. Kako bi LPR kamera ispravno radila, od velike je va\u017enosti profesionalna i [&hellip;]<\/p>\n","protected":false},"author":9,"featured_media":0,"parent":0,"menu_order":0,"comment_status":"closed","ping_status":"closed","template":"","meta":{"_et_pb_use_builder":"on","_et_pb_old_content":"","_et_gb_content_width":"","footnotes":""},"class_list":["post-4311","page","type-page","status-publish","hentry"],"_links":{"self":[{"href":"https:\/\/www.dvc.video\/bs\/wp-json\/wp\/v2\/pages\/4311","targetHints":{"allow":["GET"]}}],"collection":[{"href":"https:\/\/www.dvc.video\/bs\/wp-json\/wp\/v2\/pages"}],"about":[{"href":"https:\/\/www.dvc.video\/bs\/wp-json\/wp\/v2\/types\/page"}],"author":[{"embeddable":true,"href":"https:\/\/www.dvc.video\/bs\/wp-json\/wp\/v2\/users\/9"}],"replies":[{"embeddable":true,"href":"https:\/\/www.dvc.video\/bs\/wp-json\/wp\/v2\/comments?post=4311"}],"version-history":[{"count":0,"href":"https:\/\/www.dvc.video\/bs\/wp-json\/wp\/v2\/pages\/4311\/revisions"}],"wp:attachment":[{"href":"https:\/\/www.dvc.video\/bs\/wp-json\/wp\/v2\/media?parent=4311"}],"curies":[{"name":"wp","href":"https:\/\/api.w.org\/{rel}","templated":true}]}}