{"id":4296,"date":"2021-03-09T11:24:43","date_gmt":"2021-03-09T10:24:43","guid":{"rendered":"https:\/\/www.dvc.video\/prepoznavanje-lica\/"},"modified":"2021-07-07T10:07:36","modified_gmt":"2021-07-07T08:07:36","slug":"prepoznavanje-lica","status":"publish","type":"page","link":"https:\/\/www.dvc.video\/bs\/prepoznavanje-lica\/","title":{"rendered":"Prepoznavanje lica"},"content":{"rendered":"<p>[et_pb_section fb_built=&#8221;1&#8221; _builder_version=&#8221;4.9.2&#8221; _module_preset=&#8221;default&#8221; background_enable_color=&#8221;off&#8221; background_image=&#8221;https:\/\/www.dvc.video\/wp-content\/uploads\/2021\/03\/bcg-red-triangle.jpg&#8221; height=&#8221;150px&#8221; height_last_edited=&#8221;off|desktop&#8221; custom_padding=&#8221;0px||0px||true|false&#8221; global_module=&#8221;793&#8221;][et_pb_row _builder_version=&#8221;4.9.2&#8221; _module_preset=&#8221;default&#8221;][et_pb_column type=&#8221;4_4&#8221; _builder_version=&#8221;4.9.2&#8221; _module_preset=&#8221;default&#8221;][et_pb_text _builder_version=&#8221;4.9.7&#8221; _dynamic_attributes=&#8221;content&#8221; _module_preset=&#8221;default&#8221; header_text_color=&#8221;#FFFFFF&#8221; header_line_height=&#8221;1.3em&#8221; header_font_size_tablet=&#8221;&#8221; header_font_size_phone=&#8221;&#8221; header_font_size_last_edited=&#8221;on|desktop&#8221;]@ET-DC@eyJkeW5hbWljIjp0cnVlLCJjb250ZW50IjoicG9zdF90aXRsZSIsInNldHRpbmdzIjp7ImJlZm9yZSI6IjxoMT4iLCJhZnRlciI6IjxcL2gxPiJ9fQ==@[\/et_pb_text][\/et_pb_column][\/et_pb_row][\/et_pb_section][et_pb_section fb_built=&#8221;1&#8221; _builder_version=&#8221;4.9.2&#8221; _module_preset=&#8221;default&#8221;][et_pb_row _builder_version=&#8221;4.9.2&#8221; _module_preset=&#8221;default&#8221;][et_pb_column type=&#8221;4_4&#8221; _builder_version=&#8221;4.9.2&#8221; _module_preset=&#8221;default&#8221;][et_pb_text _builder_version=&#8221;4.9.2&#8221; _module_preset=&#8221;default&#8221;]DVC IP Face Recognition kamere dio su Special IP serije DVC linije videonadzora i slu\u017ee za detekciju i prepoznavanje lica iz baze podataka, u stvarnom vremenu. Kamere s funkcijom prepoznavanja lica naj\u010de\u0161\u0107e se postavljaju na ulasku u prostor radi identifikacije zaposlenika i posjetitelja. Na taj na\u010din vr\u0161i se kontrola pristupa u \u0161ti\u0107eni prostor. Ova linija kamera preporu\u010dljiva je za kori\u0161tenje u trgovinama, trgova\u010dkim centrima, restoranima ili casinima, zapravo gdje god je potrebna identifikacija osobe putem lica.[\/et_pb_text][et_pb_video src=&#8221;https:\/\/youtu.be\/FO4nKSC4vp0&#8221; _builder_version=&#8221;4.9.4&#8221; _module_preset=&#8221;default&#8221; width=&#8221;50%&#8221; width_tablet=&#8221;100%&#8221; width_phone=&#8221;&#8221; width_last_edited=&#8221;on|phone&#8221; module_alignment=&#8221;center&#8221; width__hover_enabled=&#8221;off|desktop&#8221;][\/et_pb_video][et_pb_text _builder_version=&#8221;4.9.2&#8221; _module_preset=&#8221;default&#8221;]<\/p>\n<h2>Tehni\u010dke karakteristike<\/h2>\n<p>IP Face Recognition kamere mogu se koristiti kao samostoje\u0107e, bez snima\u010da, uz mogu\u0107nost pohrane baze podataka na lokalnu SD karticu, Sony Starlight tehnologiju, White light view distance osvjetljenjem, True WDR 120dB i moto-zoom objektivom 7-22 mm.[\/et_pb_text][et_pb_text _builder_version=&#8221;4.9.2&#8221; _module_preset=&#8221;default&#8221;]<\/p>\n<h2>NVMS 2.0<\/h2>\n<p>NVMS 2.0 je platforma za upravljanje i nadzor DVC video sustavima. Podr\u017eani su pregled u stvarnom vremenu, pohrana, reprodukcija i preuzimanje zapisa, dekodiranje na TV zidu, upravljanje tipkovnicom, upravljanje alarminim ulazima i izlazima, kao i pametna videoanalitika. Stoga NVMS 2.0 mo\u017ee udovoljiti zahtjevima klijenta za centraliziranim upravljanjem videom i mo\u017ee se \u0161iroko koristiti u video nadzoru industrijskog parka, obrazovanja, bankarstva, lanca trgovina i zgrada.[\/et_pb_text][\/et_pb_column][\/et_pb_row][\/et_pb_section]<\/p>\n","protected":false},"excerpt":{"rendered":"<p>DVC IP Face Recognition kamere dio su Special IP serije DVC linije videonadzora i slu\u017ee za detekciju i prepoznavanje lica iz baze podataka, u stvarnom vremenu. Kamere s funkcijom prepoznavanja lica naj\u010de\u0161\u0107e se postavljaju na ulasku u prostor radi identifikacije zaposlenika i posjetitelja. Na taj na\u010din vr\u0161i se kontrola pristupa u \u0161ti\u0107eni prostor. Ova linija [&hellip;]<\/p>\n","protected":false},"author":9,"featured_media":0,"parent":0,"menu_order":0,"comment_status":"closed","ping_status":"closed","template":"","meta":{"_et_pb_use_builder":"on","_et_pb_old_content":"","_et_gb_content_width":"","footnotes":""},"class_list":["post-4296","page","type-page","status-publish","hentry"],"_links":{"self":[{"href":"https:\/\/www.dvc.video\/bs\/wp-json\/wp\/v2\/pages\/4296","targetHints":{"allow":["GET"]}}],"collection":[{"href":"https:\/\/www.dvc.video\/bs\/wp-json\/wp\/v2\/pages"}],"about":[{"href":"https:\/\/www.dvc.video\/bs\/wp-json\/wp\/v2\/types\/page"}],"author":[{"embeddable":true,"href":"https:\/\/www.dvc.video\/bs\/wp-json\/wp\/v2\/users\/9"}],"replies":[{"embeddable":true,"href":"https:\/\/www.dvc.video\/bs\/wp-json\/wp\/v2\/comments?post=4296"}],"version-history":[{"count":0,"href":"https:\/\/www.dvc.video\/bs\/wp-json\/wp\/v2\/pages\/4296\/revisions"}],"wp:attachment":[{"href":"https:\/\/www.dvc.video\/bs\/wp-json\/wp\/v2\/media?parent=4296"}],"curies":[{"name":"wp","href":"https:\/\/api.w.org\/{rel}","templated":true}]}}