{"id":4275,"date":"2021-03-09T11:25:07","date_gmt":"2021-03-09T10:25:07","guid":{"rendered":"https:\/\/www.dvc.video\/brojanje-posjetitelja\/"},"modified":"2022-05-16T11:23:56","modified_gmt":"2022-05-16T09:23:56","slug":"brojanje-posjetitelja","status":"publish","type":"page","link":"https:\/\/www.dvc.video\/bs\/brojanje-posjetitelja\/","title":{"rendered":"Brojanje posjetitelja"},"content":{"rendered":"<p>[et_pb_section fb_built=&#8221;1&#8221; _builder_version=&#8221;4.9.2&#8221; _module_preset=&#8221;default&#8221; background_enable_color=&#8221;off&#8221; background_image=&#8221;https:\/\/www.dvc.video\/wp-content\/uploads\/2021\/03\/bcg-red-triangle.jpg&#8221; height=&#8221;150px&#8221; height_last_edited=&#8221;off|desktop&#8221; custom_padding=&#8221;0px||0px||true|false&#8221; global_module=&#8221;793&#8221;][et_pb_row _builder_version=&#8221;4.9.2&#8221; _module_preset=&#8221;default&#8221;][et_pb_column type=&#8221;4_4&#8221; _builder_version=&#8221;4.9.2&#8221; _module_preset=&#8221;default&#8221;][et_pb_text _builder_version=&#8221;4.9.7&#8221; _dynamic_attributes=&#8221;content&#8221; _module_preset=&#8221;default&#8221; header_text_color=&#8221;#FFFFFF&#8221; header_line_height=&#8221;1.3em&#8221; header_font_size_tablet=&#8221;&#8221; header_font_size_phone=&#8221;&#8221; header_font_size_last_edited=&#8221;on|desktop&#8221;]@ET-DC@eyJkeW5hbWljIjp0cnVlLCJjb250ZW50IjoicG9zdF90aXRsZSIsInNldHRpbmdzIjp7ImJlZm9yZSI6IjxoMT4iLCJhZnRlciI6IjxcL2gxPiJ9fQ==@[\/et_pb_text][\/et_pb_column][\/et_pb_row][\/et_pb_section][et_pb_section fb_built=&#8221;1&#8221; _builder_version=&#8221;4.9.2&#8221; _module_preset=&#8221;default&#8221;][et_pb_row _builder_version=&#8221;4.9.2&#8221; _module_preset=&#8221;default&#8221;][et_pb_column type=&#8221;4_4&#8221; _builder_version=&#8221;4.9.2&#8221; _module_preset=&#8221;default&#8221;][et_pb_text _builder_version=&#8221;4.9.4&#8221; _module_preset=&#8221;default&#8221;]Zahvaljuju\u0107i naprednoj videoanalitici, DVC Special i Supreme IP serije kamera omogu\u0107avaju brojanje osoba. Mogu\u0107e je brojanje ulaza, izlaza te izra\u010dunavanje ukupnog broja osoba u prostoru. Kamere s mogu\u0107nosti brojanja posjetitelja najvi\u0161e se postavljaju na ulaze u trgovine, kongresne ili sportske centre.<\/p>\n<p>Ova inteligentna rje\u0161enja omogu\u0107it \u0107e preciznu analizu efikasnosti prodajnog centra ili trgovine te bolju organizaciju zaposlenika i prodaje u cijelosti.<\/p>\n<p>Dok je broj osoba u trgovini manji od maksimalno pode\u0161enog broja- ulazak je slobodan. Kada broj osoba dosegne definisani maksimum, ulaz nije slobodan i tek kada prva osoba iza\u0111e, odnosno kada broj padne ispod maksimalno dozvoljenog broja osoba unutar trgovine, ponovo je ulaz slobodan.<\/p>\n<ul>\n<li>Samostoje\u0107e rje\u0161enje za brojanje ljudi u trgovini putem DVC kamere<\/li>\n<li>Definiranje dozvoljenog broja osoba direktno na kameri preko lokalnog ra\u010dunala<\/li>\n<li>Mogu\u0107nost zaklju\u010davanja \/ otklju\u010davanja vrata preko relejnog alarmnog izlaza snima\u010da<\/li>\n<li>Mogu\u0107nost signaliziranja stanja ulaza<\/li>\n<\/ul>\n<p>[\/et_pb_text][et_pb_video src=&#8221;https:\/\/youtu.be\/2MqlieADuSI&#8221; _builder_version=&#8221;4.9.4&#8221; _module_preset=&#8221;default&#8221; width=&#8221;50%&#8221; width_tablet=&#8221;100%&#8221; width_phone=&#8221;&#8221; width_last_edited=&#8221;on|phone&#8221; module_alignment=&#8221;center&#8221;][\/et_pb_video][\/et_pb_column][\/et_pb_row][\/et_pb_section]<\/p>\n","protected":false},"excerpt":{"rendered":"<p>Zahvaljuju\u0107i naprednoj videoanalitici, DVC Special i Supreme IP serije kamera omogu\u0107avaju brojanje osoba. Mogu\u0107e je brojanje ulaza, izlaza te izra\u010dunavanje ukupnog broja osoba u prostoru. Kamere s mogu\u0107nosti brojanja posjetitelja najvi\u0161e se postavljaju na ulaze u trgovine, kongresne ili sportske centre. Ova inteligentna rje\u0161enja omogu\u0107it \u0107e preciznu analizu efikasnosti prodajnog centra ili trgovine te bolju [&hellip;]<\/p>\n","protected":false},"author":9,"featured_media":0,"parent":0,"menu_order":0,"comment_status":"closed","ping_status":"closed","template":"","meta":{"_et_pb_use_builder":"on","_et_pb_old_content":"","_et_gb_content_width":"","footnotes":""},"class_list":["post-4275","page","type-page","status-publish","hentry"],"_links":{"self":[{"href":"https:\/\/www.dvc.video\/bs\/wp-json\/wp\/v2\/pages\/4275","targetHints":{"allow":["GET"]}}],"collection":[{"href":"https:\/\/www.dvc.video\/bs\/wp-json\/wp\/v2\/pages"}],"about":[{"href":"https:\/\/www.dvc.video\/bs\/wp-json\/wp\/v2\/types\/page"}],"author":[{"embeddable":true,"href":"https:\/\/www.dvc.video\/bs\/wp-json\/wp\/v2\/users\/9"}],"replies":[{"embeddable":true,"href":"https:\/\/www.dvc.video\/bs\/wp-json\/wp\/v2\/comments?post=4275"}],"version-history":[{"count":0,"href":"https:\/\/www.dvc.video\/bs\/wp-json\/wp\/v2\/pages\/4275\/revisions"}],"wp:attachment":[{"href":"https:\/\/www.dvc.video\/bs\/wp-json\/wp\/v2\/media?parent=4275"}],"curies":[{"name":"wp","href":"https:\/\/api.w.org\/{rel}","templated":true}]}}