{"id":18542,"date":"2022-11-29T14:08:28","date_gmt":"2022-11-29T13:08:28","guid":{"rendered":"https:\/\/www.dvc.video\/reference\/"},"modified":"2022-12-01T14:00:49","modified_gmt":"2022-12-01T13:00:49","slug":"reference","status":"publish","type":"page","link":"https:\/\/www.dvc.video\/bs\/reference\/","title":{"rendered":"Reference"},"content":{"rendered":"<p>[et_pb_section fb_built=&#8221;1&#8221; _builder_version=&#8221;4.9.2&#8221; _module_preset=&#8221;default&#8221; background_enable_color=&#8221;off&#8221; background_image=&#8221;https:\/\/www.dvc.video\/wp-content\/uploads\/2021\/03\/bcg-red-triangle.jpg&#8221; height=&#8221;150px&#8221; height_last_edited=&#8221;off|desktop&#8221; custom_padding=&#8221;0px||0px||true|false&#8221; global_module=&#8221;793&#8221; global_colors_info=&#8221;{}&#8221;][et_pb_row _builder_version=&#8221;4.16&#8221; _module_preset=&#8221;default&#8221; global_colors_info=&#8221;{}&#8221;][et_pb_column type=&#8221;4_4&#8221; _builder_version=&#8221;4.16&#8221; _module_preset=&#8221;default&#8221; global_colors_info=&#8221;{}&#8221;][et_pb_text _builder_version=&#8221;4.16&#8221; _dynamic_attributes=&#8221;content&#8221; _module_preset=&#8221;default&#8221; header_text_color=&#8221;#FFFFFF&#8221; header_line_height=&#8221;1.3em&#8221; header_font_size_tablet=&#8221;&#8221; header_font_size_phone=&#8221;&#8221; header_font_size_last_edited=&#8221;on|desktop&#8221; global_colors_info=&#8221;{}&#8221;]@ET-DC@eyJkeW5hbWljIjp0cnVlLCJjb250ZW50IjoicG9zdF90aXRsZSIsInNldHRpbmdzIjp7ImJlZm9yZSI6IjxoMT4iLCJhZnRlciI6IjxcL2gxPiJ9fQ==@[\/et_pb_text][\/et_pb_column][\/et_pb_row][\/et_pb_section][et_pb_section fb_built=&#8221;1&#8221; _builder_version=&#8221;4.16&#8221; _module_preset=&#8221;default&#8221; global_colors_info=&#8221;{}&#8221;][et_pb_row _builder_version=&#8221;4.16&#8221; _module_preset=&#8221;default&#8221; global_colors_info=&#8221;{}&#8221;][et_pb_column type=&#8221;4_4&#8221; _builder_version=&#8221;4.16&#8221; _module_preset=&#8221;default&#8221; global_colors_info=&#8221;{}&#8221;][et_pb_text _builder_version=&#8221;4.19.1&#8221; _module_preset=&#8221;default&#8221; global_colors_info=&#8221;{}&#8221;]<\/p>\n<h2>DVC rje\u0161enja zadovoljavaju potrebe razli\u010ditih grupa korisnika u cijeloj regiji<\/h2>\n<h3>Vi\u0161e od <strong>100.000<\/strong> instalacija u <strong>stambenim<\/strong> i <strong>poslovnim<\/strong> objektima<\/h3>\n<p>[\/et_pb_text][\/et_pb_column][\/et_pb_row][et_pb_row _builder_version=&#8221;4.19.1&#8221; _module_preset=&#8221;default&#8221; custom_padding=&#8221;0px||0px||true|false&#8221; global_colors_info=&#8221;{}&#8221;][et_pb_column type=&#8221;4_4&#8221; _builder_version=&#8221;4.19.1&#8221; _module_preset=&#8221;default&#8221; global_colors_info=&#8221;{}&#8221;][et_pb_text _builder_version=&#8221;4.19.1&#8221; _module_preset=&#8221;default&#8221; header_2_text_color=&#8221;#ED1C24&#8221; custom_padding=&#8221;0px||0px||true|false&#8221; global_colors_info=&#8221;{}&#8221;]<\/p>\n<h2>Maloprodajni sektor<\/h2>\n<p>[\/et_pb_text][\/et_pb_column][\/et_pb_row][et_pb_row column_structure=&#8221;1_3,1_3,1_3&#8221; _builder_version=&#8221;4.19.2&#8221; _module_preset=&#8221;default&#8221; custom_padding=&#8221;0px||35px||false|false&#8221; hover_enabled=&#8221;0&#8221; border_width_bottom=&#8221;1px&#8221; border_color_bottom=&#8221;#ED1C24&#8221; global_colors_info=&#8221;{}&#8221; sticky_enabled=&#8221;0&#8221;][et_pb_column type=&#8221;1_3&#8221; _builder_version=&#8221;4.19.1&#8221; _module_preset=&#8221;default&#8221; global_colors_info=&#8221;{}&#8221;][et_pb_text _builder_version=&#8221;4.19.1&#8221; _module_preset=&#8221;default&#8221; global_colors_info=&#8221;{}&#8221;]<\/p>\n<p><strong>Aviv park<\/strong>, Srbija<br \/><strong>Crodux plin d.o.o.<\/strong>, Hrvatska<br \/><strong>DB Schenker d.o.o.<\/strong>, Hrvatska<br \/><strong>DM drogerie markt d.o.o.<\/strong>, Srbija<br \/><strong>JYSK d.o.o.<\/strong>, Bosna i Hercegovina<\/p>\n<p>[\/et_pb_text][\/et_pb_column][et_pb_column type=&#8221;1_3&#8221; _builder_version=&#8221;4.19.1&#8221; _module_preset=&#8221;default&#8221; global_colors_info=&#8221;{}&#8221;][et_pb_text _builder_version=&#8221;4.19.1&#8221; _module_preset=&#8221;default&#8221; global_colors_info=&#8221;{}&#8221;]<\/p>\n<p><strong>JYSK d.o.o.<\/strong>, Hrvatska<br \/><strong>Mall of Plovdiv<\/strong>, Bugarska<br \/><strong>Mlinar, pekarska industrija d.o.o.<\/strong>, Hrvatska<br \/><strong>OMV Petrom<\/strong>, Rumunjska<br \/><strong>Plodine d.o.o.<\/strong>, Hrvatska<\/p>\n<p>[\/et_pb_text][\/et_pb_column][et_pb_column type=&#8221;1_3&#8221; _builder_version=&#8221;4.19.1&#8221; _module_preset=&#8221;default&#8221; global_colors_info=&#8221;{}&#8221;][et_pb_text _builder_version=&#8221;4.19.1&#8221; _module_preset=&#8221;default&#8221; global_colors_info=&#8221;{}&#8221;]<\/p>\n<p><strong>Pepco d.o.o.<\/strong>, Srbija<br \/><strong>Studenac d.o.o.<\/strong>, Hrvatska<br \/><strong>Sport vision d.o.o.<\/strong>, Hrvatska<br \/><strong>Zegin pharmacy<\/strong>, Sjeverna Makedonija<\/p>\n<p>[\/et_pb_text][\/et_pb_column][\/et_pb_row][et_pb_row _builder_version=&#8221;4.19.1&#8221; _module_preset=&#8221;default&#8221; custom_padding=&#8221;||0px||false|false&#8221; global_colors_info=&#8221;{}&#8221;][et_pb_column type=&#8221;4_4&#8221; _builder_version=&#8221;4.19.1&#8221; _module_preset=&#8221;default&#8221; global_colors_info=&#8221;{}&#8221;][et_pb_text _builder_version=&#8221;4.19.1&#8221; _module_preset=&#8221;default&#8221; header_2_text_color=&#8221;#ED1C24&#8221; custom_padding=&#8221;0px||0px||true|false&#8221; global_colors_info=&#8221;{}&#8221;]<\/p>\n<h2>Javni sektor<\/h2>\n<p>[\/et_pb_text][\/et_pb_column][\/et_pb_row][et_pb_row column_structure=&#8221;1_3,1_3,1_3&#8221; _builder_version=&#8221;4.19.1&#8221; _module_preset=&#8221;default&#8221; custom_padding=&#8221;0px||35px||false|false&#8221; border_width_bottom=&#8221;1px&#8221; border_color_bottom=&#8221;#ED1C24&#8221; global_colors_info=&#8221;{}&#8221;][et_pb_column type=&#8221;1_3&#8221; _builder_version=&#8221;4.19.1&#8221; _module_preset=&#8221;default&#8221; global_colors_info=&#8221;{}&#8221;][et_pb_text _builder_version=&#8221;4.19.1&#8221; _module_preset=&#8221;default&#8221; global_colors_info=&#8221;{}&#8221;]<\/p>\n<p><strong>BH Telecom<\/strong>, Bosna i Hercegovina<br \/><strong>Lacul Morri Promenade<\/strong>, Rumunjska<br \/><strong>Lyulin Metro<\/strong>, Bugarska<br \/><strong>Ministarstvo unutarnjih poslova<\/strong>, Hrvatska<br \/><strong>Po\u017eega katedrala<\/strong>, Hrvatska<\/p>\n<p>[\/et_pb_text][\/et_pb_column][et_pb_column type=&#8221;1_3&#8221; _builder_version=&#8221;4.19.1&#8221; _module_preset=&#8221;default&#8221; global_colors_info=&#8221;{}&#8221;][et_pb_text _builder_version=&#8221;4.19.1&#8221; _module_preset=&#8221;default&#8221; global_colors_info=&#8221;{}&#8221;]<\/p>\n<p><strong>Specijalna bolnica vara\u017edinske toplice<\/strong>, Hrvatska<br \/><strong>Studentski dom K.J. Pitu<\/strong>, Sjeverna Makedonija<\/p>\n<p>[\/et_pb_text][\/et_pb_column][et_pb_column type=&#8221;1_3&#8221; _builder_version=&#8221;4.19.1&#8221; _module_preset=&#8221;default&#8221; global_colors_info=&#8221;{}&#8221;][\/et_pb_column][\/et_pb_row][et_pb_row _builder_version=&#8221;4.19.1&#8221; _module_preset=&#8221;default&#8221; custom_padding=&#8221;||0px||false|false&#8221; global_colors_info=&#8221;{}&#8221;][et_pb_column type=&#8221;4_4&#8221; _builder_version=&#8221;4.19.1&#8221; _module_preset=&#8221;default&#8221; global_colors_info=&#8221;{}&#8221;][et_pb_text _builder_version=&#8221;4.19.1&#8221; _module_preset=&#8221;default&#8221; header_2_text_color=&#8221;#ED1C24&#8221; custom_padding=&#8221;0px||0px||true|false&#8221; global_colors_info=&#8221;{}&#8221;]<\/p>\n<h2>Industrija<\/h2>\n<p>[\/et_pb_text][\/et_pb_column][\/et_pb_row][et_pb_row _builder_version=&#8221;4.19.1&#8221; _module_preset=&#8221;default&#8221; custom_padding=&#8221;0px||35px||false|false&#8221; border_width_bottom=&#8221;1px&#8221; border_color_bottom=&#8221;#ED1C24&#8221; global_colors_info=&#8221;{}&#8221;][et_pb_column type=&#8221;4_4&#8221; _builder_version=&#8221;4.19.1&#8221; _module_preset=&#8221;default&#8221; global_colors_info=&#8221;{}&#8221;][et_pb_text _builder_version=&#8221;4.19.1&#8221; _module_preset=&#8221;default&#8221; global_colors_info=&#8221;{}&#8221;]<\/p>\n<p><strong>PIK Vrbovec d.o.o.<\/strong>, Hrvatska<br \/><strong>Prilepska Pivarnica A.D.<\/strong>, Sjeverna Makedonija<br \/><strong>Tutunskoi Kombinat A.D.<\/strong>, Sjeverna Makedonija<br \/><strong>\u017dito Polog<\/strong>, Sjeverna Makedonija<\/p>\n<p>[\/et_pb_text][\/et_pb_column][\/et_pb_row][et_pb_row _builder_version=&#8221;4.19.1&#8221; _module_preset=&#8221;default&#8221; custom_padding=&#8221;||0px||false|false&#8221; global_colors_info=&#8221;{}&#8221;][et_pb_column type=&#8221;4_4&#8221; _builder_version=&#8221;4.19.1&#8221; _module_preset=&#8221;default&#8221; global_colors_info=&#8221;{}&#8221;][et_pb_text _builder_version=&#8221;4.19.1&#8221; _module_preset=&#8221;default&#8221; header_2_text_color=&#8221;#ED1C24&#8221; custom_padding=&#8221;0px||0px||true|false&#8221; global_colors_info=&#8221;{}&#8221;]<\/p>\n<h2>Hoteli i rezidencijalna naselja<\/h2>\n<p>[\/et_pb_text][\/et_pb_column][\/et_pb_row][et_pb_row _builder_version=&#8221;4.19.1&#8221; _module_preset=&#8221;default&#8221; custom_padding=&#8221;0px||35px||false|false&#8221; border_width_bottom=&#8221;1px&#8221; border_color_bottom=&#8221;#ED1C24&#8221; global_colors_info=&#8221;{}&#8221;][et_pb_column type=&#8221;4_4&#8221; _builder_version=&#8221;4.19.1&#8221; _module_preset=&#8221;default&#8221; global_colors_info=&#8221;{}&#8221;][et_pb_text _builder_version=&#8221;4.19.1&#8221; _module_preset=&#8221;default&#8221; global_colors_info=&#8221;{}&#8221;]<\/p>\n<p><strong>Cloud 9 Residence<\/strong>, Rumunjska<br \/><strong>Hotel Bastion<\/strong>, Hrvatska<br \/><strong>Maistra d.d.<\/strong>, Hrvatska<br \/><strong>Nusco Residence<\/strong>, Rumunjska<br \/><strong>Stambene zgrade Lagera i Mladost 4<\/strong>, Bugarska<\/p>\n<p>[\/et_pb_text][\/et_pb_column][\/et_pb_row][et_pb_row _builder_version=&#8221;4.19.1&#8221; _module_preset=&#8221;default&#8221; custom_padding=&#8221;||0px||false|false&#8221; global_colors_info=&#8221;{}&#8221;][et_pb_column type=&#8221;4_4&#8221; _builder_version=&#8221;4.19.1&#8221; _module_preset=&#8221;default&#8221; global_colors_info=&#8221;{}&#8221;][et_pb_text _builder_version=&#8221;4.19.1&#8221; _module_preset=&#8221;default&#8221; header_2_text_color=&#8221;#ED1C24&#8221; custom_padding=&#8221;0px||0px||true|false&#8221; global_colors_info=&#8221;{}&#8221;]<\/p>\n<h2>Financijske institucije<\/h2>\n<p>[\/et_pb_text][\/et_pb_column][\/et_pb_row][et_pb_row _builder_version=&#8221;4.19.1&#8221; _module_preset=&#8221;default&#8221; custom_padding=&#8221;0px||35px||false|false&#8221; border_width_bottom=&#8221;1px&#8221; border_color_bottom=&#8221;#ED1C24&#8221; global_colors_info=&#8221;{}&#8221;][et_pb_column type=&#8221;4_4&#8221; _builder_version=&#8221;4.19.1&#8221; _module_preset=&#8221;default&#8221; global_colors_info=&#8221;{}&#8221;][et_pb_text _builder_version=&#8221;4.19.1&#8221; _module_preset=&#8221;default&#8221; global_colors_info=&#8221;{}&#8221;]<\/p>\n<p><strong>Banca Intesa a.d.<\/strong>, Srbija<br \/><strong>Croatia osiguranje d.d.<\/strong>, Hrvatska<br \/><strong>NLB Bank<\/strong>, Kosovo<br \/><strong>Sparkasse bank dd<\/strong>, Bosna i Hercegovina<br \/><strong>Union Banka d.d.<\/strong>, Bosna i Hercegovina<\/p>\n<p>[\/et_pb_text][\/et_pb_column][\/et_pb_row][\/et_pb_section]<\/p>\n","protected":false},"excerpt":{"rendered":"<p>DVC rje\u0161enja zadovoljavaju potrebe razli\u010ditih grupa korisnika u cijeloj regiji Vi\u0161e od 100.000 instalacija u stambenim i poslovnim objektimaMaloprodajni sektorAviv park, SrbijaCrodux plin d.o.o., HrvatskaDB Schenker d.o.o., HrvatskaDM drogerie markt d.o.o., SrbijaJYSK d.o.o., Bosna i HercegovinaJYSK d.o.o., HrvatskaMall of Plovdiv, BugarskaMlinar, pekarska industrija d.o.o., HrvatskaOMV Petrom, RumunjskaPlodine d.o.o., HrvatskaPepco d.o.o., SrbijaStudenac d.o.o., HrvatskaSport vision d.o.o., [&hellip;]<\/p>\n","protected":false},"author":9,"featured_media":0,"parent":0,"menu_order":0,"comment_status":"closed","ping_status":"closed","template":"","meta":{"_et_pb_use_builder":"on","_et_pb_old_content":"","_et_gb_content_width":"","footnotes":""},"class_list":["post-18542","page","type-page","status-publish","hentry"],"_links":{"self":[{"href":"https:\/\/www.dvc.video\/bs\/wp-json\/wp\/v2\/pages\/18542","targetHints":{"allow":["GET"]}}],"collection":[{"href":"https:\/\/www.dvc.video\/bs\/wp-json\/wp\/v2\/pages"}],"about":[{"href":"https:\/\/www.dvc.video\/bs\/wp-json\/wp\/v2\/types\/page"}],"author":[{"embeddable":true,"href":"https:\/\/www.dvc.video\/bs\/wp-json\/wp\/v2\/users\/9"}],"replies":[{"embeddable":true,"href":"https:\/\/www.dvc.video\/bs\/wp-json\/wp\/v2\/comments?post=18542"}],"version-history":[{"count":0,"href":"https:\/\/www.dvc.video\/bs\/wp-json\/wp\/v2\/pages\/18542\/revisions"}],"wp:attachment":[{"href":"https:\/\/www.dvc.video\/bs\/wp-json\/wp\/v2\/media?parent=18542"}],"curies":[{"name":"wp","href":"https:\/\/api.w.org\/{rel}","templated":true}]}}